{"id":115,"date":"2023-02-25T17:20:31","date_gmt":"2023-02-25T17:20:31","guid":{"rendered":"http:\/\/soderlundsandelsjordbruk.se\/?page_id=115"},"modified":"2024-01-29T19:08:45","modified_gmt":"2024-01-29T19:08:45","slug":"kopa-andelar","status":"publish","type":"page","link":"https:\/\/soderlundsandelsjordbruk.se\/?page_id=115","title":{"rendered":"Boka andel"},"content":{"rendered":"\n<p><a href=\"https:\/\/soderlundsandelsjordbruk.se\/?page_id=191\" title=\"Villkor 2024\">Nu g\u00e5r det att boka andelar f\u00f6r s\u00e4songen 2024. Genom att klicka p\u00e5 den h\u00e4r texten s\u00e5 kommer du till villkoren och hur du bokar andel.<\/a><\/p>\n\n\n\n<div class=\"wp-block-columns is-layout-flex wp-container-core-columns-is-layout-9d6595d7 wp-block-columns-is-layout-flex\"><\/div>\n\n\n\n<div class=\"wp-block-columns is-layout-flex wp-container-core-columns-is-layout-9d6595d7 wp-block-columns-is-layout-flex\">\n<div class=\"wp-block-column has-medium-font-size is-layout-flow wp-block-column-is-layout-flow\">\n<p class=\"has-luminous-vivid-amber-background-color has-background\"><strong>Vad ing\u00e5r?<\/strong><br>Du f\u00e5r en leverans\/vecka under 15 veckor med start i mitten av juni. V\u00e5r m\u00e5ls\u00e4ttning \u00e4r att varje leverans inneh\u00e5ller minst 5 gr\u00f6dor. Fr\u00e5n juni och in i september \u00e4r alla gr\u00f6dor nysk\u00f6rdade n\u00e4r du f\u00e5r dem.<br>Du blir \u00e4ven inbjuden hit till S\u00f6derlunds n\u00e5gra g\u00e5nger\/\u00e5r f\u00f6r att se hur det ser ut, delta i arbetet och n\u00e5gon g\u00e5ng\/\u00e5r bjuder vi p\u00e5 mat. <br>Ibland skickar vi \u00e4ven med recept i veckoleveranserna. Vill du komma hit oftare och kolla l\u00e4get eller vara med s\u00e5 kommer vi s\u00e5 klart \u00f6verens om det. <br><\/p>\n<\/div>\n\n\n\n<div class=\"wp-block-column has-medium-font-size is-layout-flow wp-block-column-is-layout-flow\">\n<p class=\"has-pale-pink-background-color has-background\" id=\"block-1e7972dd-8368-4c99-9178-e7171e19d71a\"><strong>Gr\u00f6dor <\/strong><br>Vilka gr\u00f6nsaker det blir beror naturligtvis p\u00e5 vad vi odlar men ocks\u00e5 hur sk\u00f6rden g\u00e5r, en del \u00e5r blir kanske purjol\u00f6ken fantastisk medan vitk\u00e5len inte blev n\u00e5got alls och n\u00e4sta \u00e5r \u00e4r det gynnsamt f\u00f6r andra v\u00e4xter. <br>Exempel p\u00e5 v\u00e4xter vi kommer odla \u00e4r l\u00f6k, mor\u00f6tter, betor, k\u00e5l, sallad, spenat, tomat, gurka och olika krydd\u00f6rter. Vi kommer inte att ha med potatis i v\u00e5ra veckoleveranser. <br>Du som bokat andel kommer fram\u00f6ver att kunna \u00f6nska vad vi ska odla och s\u00e5 f\u00f6rs\u00f6ker vi efter m\u00f6jlighet att tillgodose detta. <\/p>\n<\/div>\n<\/div>\n\n\n\n<div class=\"wp-block-columns is-layout-flex wp-container-core-columns-is-layout-9d6595d7 wp-block-columns-is-layout-flex\">\n<div class=\"wp-block-column is-layout-flow wp-block-column-is-layout-flow\">\n<p class=\"has-pale-cyan-blue-background-color has-background has-medium-font-size\" id=\"block-baf381a9-a9c8-4ba7-bbb9-4dc90c5183bc\"><strong>Kostnad<\/strong><br>En andel kostar 2.500:- (167:-\/vecka) . Det finns m\u00f6jlighet att boka av 2 veckor\/s\u00e4song och f\u00e5 avdrag 150:-\/vecka. Du kan ju \u00e4ven v\u00e4lja att ge\/\u00f6verl\u00e5ta din kasse till en v\u00e4n. Skulle du vara borta mer \u00e4n tv\u00e5 veckor kan du \u00e4ven v\u00e4lja att ge din kasse till en av oss vald organisation.<br>Du kan v\u00e4lja att betala allt p\u00e5 en g\u00e5ng (juni) eller dela upp det p\u00e5 tv\u00e5 betalningar (juni och augusti)<\/p>\n\n\n\n<p class=\"has-pale-cyan-blue-background-color has-background has-medium-font-size\" id=\"block-baf381a9-a9c8-4ba7-bbb9-4dc90c5183bc\">Det kanske kan tyckas dyrt, vi kan inte konkurrera med de stora matvarukedjornas priser, men kan erbjuda andra v\u00e4rden som vi tror att m\u00e5nga uppskattar.<\/p>\n<\/div>\n\n\n\n<div class=\"wp-block-column is-layout-flow wp-block-column-is-layout-flow\">\n<p class=\"has-vivid-green-cyan-background-color has-background has-medium-font-size\" id=\"block-98f481ac-4d9d-4bc9-b405-71bd50844045\"><strong>Leverans<\/strong><br>Vi kommer beroende p\u00e5 var ni som bokar andelar bor utse  leveransplatser och tider. Dessa meddelas l\u00e4ngre fram. Det finns ocks\u00e5 m\u00f6jlighet att h\u00e4mta h\u00e4r p\u00e5 S\u00f6derlunds. <\/p>\n\n\n\n<p class=\"has-black-color has-vivid-green-cyan-background-color has-text-color has-background has-medium-font-size\" id=\"block-98f481ac-4d9d-4bc9-b405-71bd50844045\"><a href=\"https:\/\/soderlundsandelsjordbruk.se\/?page_id=191\" target=\"_blank\" rel=\"noopener\" title=\"Villkor 2024\">H\u00e4r kan du boka andel f\u00f6r 2024 och l\u00e4sa v\u00e5ra villk<\/a><a data-type=\"page\" data-id=\"191\" href=\"http:\/\/soderlundsandelsjordbruk.se\/?page_id=191\">or<\/a><\/p>\n\n\n\n<figure class=\"wp-block-image size-large\"><img loading=\"lazy\" decoding=\"async\" width=\"768\" height=\"1024\" src=\"http:\/\/soderlundsandelsjordbruk.se\/wp-content\/uploads\/2023\/04\/20230327_ARTOR-768x1024.png\" alt=\"\" class=\"wp-image-288\" srcset=\"https:\/\/soderlundsandelsjordbruk.se\/wp-content\/uploads\/2023\/04\/20230327_ARTOR-768x1024.png 768w, https:\/\/soderlundsandelsjordbruk.se\/wp-content\/uploads\/2023\/04\/20230327_ARTOR-225x300.png 225w, https:\/\/soderlundsandelsjordbruk.se\/wp-content\/uploads\/2023\/04\/20230327_ARTOR-1152x1536.png 1152w, https:\/\/soderlundsandelsjordbruk.se\/wp-content\/uploads\/2023\/04\/20230327_ARTOR-1536x2048.png 1536w, https:\/\/soderlundsandelsjordbruk.se\/wp-content\/uploads\/2023\/04\/20230327_ARTOR-2000x2667.png 2000w\" sizes=\"auto, (max-width: 768px) 100vw, 768px\" \/><\/figure>\n<\/div>\n<\/div>\n","protected":false},"excerpt":{"rendered":"<p>Nu g\u00e5r det att boka andelar f\u00f6r s\u00e4songen 2024. Genom att klicka p\u00e5 den h\u00e4r texten s\u00e5 kommer du till villkoren och hur du bokar andel. Vad ing\u00e5r?Du f\u00e5r en leverans\/vecka under 15 veckor med start i mitten av juni. V\u00e5r m\u00e5ls\u00e4ttning \u00e4r att varje leverans inneh\u00e5ller minst 5 gr\u00f6dor. Fr\u00e5n juni och in i &hellip; <\/p>\n<p class=\"link-more\"><a href=\"https:\/\/soderlundsandelsjordbruk.se\/?page_id=115\" class=\"more-link\">L\u00e4s mer<span class=\"screen-reader-text\"> \u201dBoka andel\u201d<\/span><\/a><\/p>\n","protected":false},"author":1,"featured_media":0,"parent":0,"menu_order":0,"comment_status":"closed","ping_status":"closed","template":"","meta":{"om_disable_all_campaigns":false,"_mi_skip_tracking":false,"footnotes":""},"class_list":["post-115","page","type-page","status-publish","hentry"],"aioseo_notices":[],"jetpack_sharing_enabled":true,"_links":{"self":[{"href":"https:\/\/soderlundsandelsjordbruk.se\/index.php?rest_route=\/wp\/v2\/pages\/115","targetHints":{"allow":["GET"]}}],"collection":[{"href":"https:\/\/soderlundsandelsjordbruk.se\/index.php?rest_route=\/wp\/v2\/pages"}],"about":[{"href":"https:\/\/soderlundsandelsjordbruk.se\/index.php?rest_route=\/wp\/v2\/types\/page"}],"author":[{"embeddable":true,"href":"https:\/\/soderlundsandelsjordbruk.se\/index.php?rest_route=\/wp\/v2\/users\/1"}],"replies":[{"embeddable":true,"href":"https:\/\/soderlundsandelsjordbruk.se\/index.php?rest_route=%2Fwp%2Fv2%2Fcomments&post=115"}],"version-history":[{"count":31,"href":"https:\/\/soderlundsandelsjordbruk.se\/index.php?rest_route=\/wp\/v2\/pages\/115\/revisions"}],"predecessor-version":[{"id":321,"href":"https:\/\/soderlundsandelsjordbruk.se\/index.php?rest_route=\/wp\/v2\/pages\/115\/revisions\/321"}],"wp:attachment":[{"href":"https:\/\/soderlundsandelsjordbruk.se\/index.php?rest_route=%2Fwp%2Fv2%2Fmedia&parent=115"}],"curies":[{"name":"wp","href":"https:\/\/api.w.org\/{rel}","templated":true}]}}