{"id":122,"date":"2023-02-25T17:23:34","date_gmt":"2023-02-25T17:23:34","guid":{"rendered":"http:\/\/soderlundsandelsjordbruk.se\/?page_id=122"},"modified":"2023-06-16T11:33:27","modified_gmt":"2023-06-16T11:33:27","slug":"vi-som-odlar","status":"publish","type":"page","link":"https:\/\/soderlundsandelsjordbruk.se\/?page_id=122","title":{"rendered":"Om oss"},"content":{"rendered":"\n<p>S\u00f6derlunds \u00e4r en liten g\u00e5rd i byn Arkhyttan i s\u00f6dra Dalarna d\u00e4r vi bor i tre generationer. Vi som driver andelsjordbruket heter Anna &amp; Jakob Knab\u00e4ck. H\u00e4r finns ocks\u00e5 n\u00e5gra v\u00e4rmlandsf\u00e5r, ett g\u00e4ng h\u00f6ns och katter. <br><br>Vi har ingen KRAV-certifiering men odlar utan konstg\u00f6dsel och p\u00e5 ett s\u00e4tt som vi tror \u00e4r h\u00e5llbart f\u00f6r m\u00e4nniska, jord och djur. Att v\u00e4rna m\u00e5ngfald och att bidra till v\u00e4lm\u00e5ende jordar \u00e4r viktigt f\u00f6r oss.<\/p>\n\n\n\n<p>Andelsjordbruket drivs som en del i v\u00e5rt handelsbolag J&amp;A produktion.<\/p>\n\n\n\n<figure class=\"wp-block-image size-large\"><img loading=\"lazy\" decoding=\"async\" width=\"1024\" height=\"731\" src=\"https:\/\/soderlundsandelsjordbruk.se\/wp-content\/uploads\/2023\/06\/98198FE0-7B31-4F19-B0D5-64F17EBD73F3-1024x731.jpeg\" alt=\"\" class=\"wp-image-308\" srcset=\"https:\/\/soderlundsandelsjordbruk.se\/wp-content\/uploads\/2023\/06\/98198FE0-7B31-4F19-B0D5-64F17EBD73F3-1024x731.jpeg 1024w, https:\/\/soderlundsandelsjordbruk.se\/wp-content\/uploads\/2023\/06\/98198FE0-7B31-4F19-B0D5-64F17EBD73F3-300x214.jpeg 300w, https:\/\/soderlundsandelsjordbruk.se\/wp-content\/uploads\/2023\/06\/98198FE0-7B31-4F19-B0D5-64F17EBD73F3-768x548.jpeg 768w, https:\/\/soderlundsandelsjordbruk.se\/wp-content\/uploads\/2023\/06\/98198FE0-7B31-4F19-B0D5-64F17EBD73F3-1536x1097.jpeg 1536w, https:\/\/soderlundsandelsjordbruk.se\/wp-content\/uploads\/2023\/06\/98198FE0-7B31-4F19-B0D5-64F17EBD73F3-2048x1462.jpeg 2048w, https:\/\/soderlundsandelsjordbruk.se\/wp-content\/uploads\/2023\/06\/98198FE0-7B31-4F19-B0D5-64F17EBD73F3-2000x1428.jpeg 2000w\" sizes=\"auto, (max-width: 1024px) 100vw, 1024px\" \/><\/figure>\n","protected":false},"excerpt":{"rendered":"<p>S\u00f6derlunds \u00e4r en liten g\u00e5rd i byn Arkhyttan i s\u00f6dra Dalarna d\u00e4r vi bor i tre generationer. Vi som driver andelsjordbruket heter Anna &amp; Jakob Knab\u00e4ck. H\u00e4r finns ocks\u00e5 n\u00e5gra v\u00e4rmlandsf\u00e5r, ett g\u00e4ng h\u00f6ns och katter. Vi har ingen KRAV-certifiering men odlar utan konstg\u00f6dsel och p\u00e5 ett s\u00e4tt som vi tror \u00e4r h\u00e5llbart f\u00f6r m\u00e4nniska, &hellip; <\/p>\n<p class=\"link-more\"><a href=\"https:\/\/soderlundsandelsjordbruk.se\/?page_id=122\" class=\"more-link\">L\u00e4s mer<span class=\"screen-reader-text\"> \u201dOm oss\u201d<\/span><\/a><\/p>\n","protected":false},"author":1,"featured_media":0,"parent":0,"menu_order":0,"comment_status":"closed","ping_status":"closed","template":"","meta":{"om_disable_all_campaigns":false,"_mi_skip_tracking":false,"footnotes":""},"class_list":["post-122","page","type-page","status-publish","hentry"],"aioseo_notices":[],"jetpack_sharing_enabled":true,"_links":{"self":[{"href":"https:\/\/soderlundsandelsjordbruk.se\/index.php?rest_route=\/wp\/v2\/pages\/122","targetHints":{"allow":["GET"]}}],"collection":[{"href":"https:\/\/soderlundsandelsjordbruk.se\/index.php?rest_route=\/wp\/v2\/pages"}],"about":[{"href":"https:\/\/soderlundsandelsjordbruk.se\/index.php?rest_route=\/wp\/v2\/types\/page"}],"author":[{"embeddable":true,"href":"https:\/\/soderlundsandelsjordbruk.se\/index.php?rest_route=\/wp\/v2\/users\/1"}],"replies":[{"embeddable":true,"href":"https:\/\/soderlundsandelsjordbruk.se\/index.php?rest_route=%2Fwp%2Fv2%2Fcomments&post=122"}],"version-history":[{"count":12,"href":"https:\/\/soderlundsandelsjordbruk.se\/index.php?rest_route=\/wp\/v2\/pages\/122\/revisions"}],"predecessor-version":[{"id":309,"href":"https:\/\/soderlundsandelsjordbruk.se\/index.php?rest_route=\/wp\/v2\/pages\/122\/revisions\/309"}],"wp:attachment":[{"href":"https:\/\/soderlundsandelsjordbruk.se\/index.php?rest_route=%2Fwp%2Fv2%2Fmedia&parent=122"}],"curies":[{"name":"wp","href":"https:\/\/api.w.org\/{rel}","templated":true}]}}