{"id":39,"date":"2023-02-21T20:48:47","date_gmt":"2023-02-21T20:48:47","guid":{"rendered":"http:\/\/soderlundsandelsjordbruk.se\/?page_id=39"},"modified":"2024-01-29T19:53:17","modified_gmt":"2024-01-29T19:53:17","slug":"om","status":"publish","type":"page","link":"https:\/\/soderlundsandelsjordbruk.se\/","title":{"rendered":"Gr\u00f6nsaker fr\u00e5n Arkhyttan"},"content":{"rendered":"\n<figure class=\"wp-block-image size-large is-style-default\"><img loading=\"lazy\" decoding=\"async\" width=\"768\" height=\"1024\" src=\"https:\/\/soderlundsandelsjordbruk.se\/wp-content\/uploads\/2024\/01\/IMG_8104-768x1024.jpg\" alt=\"\" class=\"wp-image-326\" srcset=\"https:\/\/soderlundsandelsjordbruk.se\/wp-content\/uploads\/2024\/01\/IMG_8104-768x1024.jpg 768w, https:\/\/soderlundsandelsjordbruk.se\/wp-content\/uploads\/2024\/01\/IMG_8104-225x300.jpg 225w, https:\/\/soderlundsandelsjordbruk.se\/wp-content\/uploads\/2024\/01\/IMG_8104-1152x1536.jpg 1152w, https:\/\/soderlundsandelsjordbruk.se\/wp-content\/uploads\/2024\/01\/IMG_8104-1536x2048.jpg 1536w, https:\/\/soderlundsandelsjordbruk.se\/wp-content\/uploads\/2024\/01\/IMG_8104-2000x2667.jpg 2000w, https:\/\/soderlundsandelsjordbruk.se\/wp-content\/uploads\/2024\/01\/IMG_8104-scaled.jpg 1920w\" sizes=\"auto, (max-width: 768px) 100vw, 768px\" \/><\/figure>\n\n\n\n<p style=\"font-size:28px\">Vi erbjuder gr\u00f6nsaksandelar under 15 veckor\/s\u00e4song f\u00f6r dig som vill \u00e4ta lokalt och h\u00e5llbart odlat men inte kan eller vill odla sj\u00e4lv. <\/p>\n\n\n\n<p style=\"font-size:28px\">Vi finns i Arkhyttan, Stora Skedvi i Dalarna. <br>Andelsjordbruk inneb\u00e4r att producent och konsument delar risker och m\u00f6jligheter. Den som k\u00f6per andelar har ocks\u00e5 m\u00f6jlighet att f\u00f6lja vad som h\u00e4nder i v\u00e5ra odlingar p\u00e5 n\u00e4rmare h\u00e5ll och blir inbjuden till n\u00e5gra tillf\u00e4llen under s\u00e4songen. Vill du vara med s\u00e4songen 2024? l\u00e4s mer nedan<\/p>\n\n\n\n<p><\/p>\n\n\n\n<p><\/p>\n\n\n\n<div class=\"wp-block-columns alignwide is-layout-flex wp-container-core-columns-is-layout-9d6595d7 wp-block-columns-is-layout-flex\">\n<div class=\"wp-block-column is-layout-flow wp-block-column-is-layout-flow\">\n<figure class=\"wp-block-image size-large is-style-default\"><img loading=\"lazy\" decoding=\"async\" width=\"768\" height=\"1024\" src=\"http:\/\/soderlundsandelsjordbruk.se\/wp-content\/uploads\/2023\/04\/20230327_MOROT-768x1024.png\" alt=\"\" class=\"wp-image-287\" srcset=\"https:\/\/soderlundsandelsjordbruk.se\/wp-content\/uploads\/2023\/04\/20230327_MOROT-768x1024.png 768w, https:\/\/soderlundsandelsjordbruk.se\/wp-content\/uploads\/2023\/04\/20230327_MOROT-225x300.png 225w, https:\/\/soderlundsandelsjordbruk.se\/wp-content\/uploads\/2023\/04\/20230327_MOROT-1152x1536.png 1152w, https:\/\/soderlundsandelsjordbruk.se\/wp-content\/uploads\/2023\/04\/20230327_MOROT-1536x2048.png 1536w, https:\/\/soderlundsandelsjordbruk.se\/wp-content\/uploads\/2023\/04\/20230327_MOROT-2000x2667.png 2000w\" sizes=\"auto, (max-width: 768px) 100vw, 768px\" \/><\/figure>\n\n\n\n<h2 class=\"wp-block-heading has-black-color has-text-color has-medium-font-size\"><a href=\"http:\/\/soderlundsandelsjordbruk.se\/?page_id=115\" data-type=\"page\" data-id=\"115\">Boka andel<\/a><\/h2>\n\n\n\n<p class=\"has-text-color\" style=\"color:#7a7a7a\"><\/p>\n<\/div>\n\n\n\n<div class=\"wp-block-column is-layout-flow wp-block-column-is-layout-flow\">\n<figure class=\"wp-block-image size-large is-style-default\"><img loading=\"lazy\" decoding=\"async\" width=\"768\" height=\"1024\" src=\"http:\/\/soderlundsandelsjordbruk.se\/wp-content\/uploads\/2023\/04\/20230327_RODBETA-768x1024.png\" alt=\"\" class=\"wp-image-283\" srcset=\"https:\/\/soderlundsandelsjordbruk.se\/wp-content\/uploads\/2023\/04\/20230327_RODBETA-768x1024.png 768w, https:\/\/soderlundsandelsjordbruk.se\/wp-content\/uploads\/2023\/04\/20230327_RODBETA-225x300.png 225w, https:\/\/soderlundsandelsjordbruk.se\/wp-content\/uploads\/2023\/04\/20230327_RODBETA-1152x1536.png 1152w, https:\/\/soderlundsandelsjordbruk.se\/wp-content\/uploads\/2023\/04\/20230327_RODBETA-1536x2048.png 1536w, https:\/\/soderlundsandelsjordbruk.se\/wp-content\/uploads\/2023\/04\/20230327_RODBETA-2000x2667.png 2000w\" sizes=\"auto, (max-width: 768px) 100vw, 768px\" \/><\/figure>\n\n\n\n<h2 class=\"wp-block-heading has-black-color has-text-color has-medium-font-size\"><a href=\"http:\/\/soderlundsandelsjordbruk.se\/?page_id=118\" data-type=\"page\" data-id=\"118\">Vad \u00e4r andelsjordbruk?<\/a><\/h2>\n\n\n\n<p class=\"has-text-color\" style=\"color:#7a7a7a\"><\/p>\n<\/div>\n\n\n\n<div class=\"wp-block-column is-layout-flow wp-block-column-is-layout-flow\">\n<figure class=\"wp-block-image size-large\"><img loading=\"lazy\" decoding=\"async\" width=\"768\" height=\"1024\" src=\"http:\/\/soderlundsandelsjordbruk.se\/wp-content\/uploads\/2023\/04\/20230327_GUL-LOK-768x1024.png\" alt=\"\" class=\"wp-image-282\" srcset=\"https:\/\/soderlundsandelsjordbruk.se\/wp-content\/uploads\/2023\/04\/20230327_GUL-LOK-768x1024.png 768w, https:\/\/soderlundsandelsjordbruk.se\/wp-content\/uploads\/2023\/04\/20230327_GUL-LOK-225x300.png 225w, https:\/\/soderlundsandelsjordbruk.se\/wp-content\/uploads\/2023\/04\/20230327_GUL-LOK-1152x1536.png 1152w, https:\/\/soderlundsandelsjordbruk.se\/wp-content\/uploads\/2023\/04\/20230327_GUL-LOK-1536x2048.png 1536w, https:\/\/soderlundsandelsjordbruk.se\/wp-content\/uploads\/2023\/04\/20230327_GUL-LOK-2000x2667.png 2000w\" sizes=\"auto, (max-width: 768px) 100vw, 768px\" \/><\/figure>\n\n\n\n<h2 class=\"wp-block-heading has-black-color has-text-color has-medium-font-size\"><a href=\"http:\/\/soderlundsandelsjordbruk.se\/?page_id=122\" data-type=\"page\" data-id=\"122\">Om oss<\/a><\/h2>\n\n\n\n<p><\/p>\n\n\n\n<p class=\"has-text-color\" style=\"color:#7a7a7a\"><\/p>\n<\/div>\n<\/div>\n\n\n\n<div style=\"height:100px\" aria-hidden=\"true\" class=\"wp-block-spacer\"><\/div>\n","protected":false},"excerpt":{"rendered":"<p>Vi erbjuder gr\u00f6nsaksandelar under 15 veckor\/s\u00e4song f\u00f6r dig som vill \u00e4ta lokalt och h\u00e5llbart odlat men inte kan eller vill odla sj\u00e4lv. Vi finns i Arkhyttan, Stora Skedvi i Dalarna. Andelsjordbruk inneb\u00e4r att producent och konsument delar risker och m\u00f6jligheter. Den som k\u00f6per andelar har ocks\u00e5 m\u00f6jlighet att f\u00f6lja vad som h\u00e4nder i v\u00e5ra odlingar &hellip; <\/p>\n<p class=\"link-more\"><a href=\"https:\/\/soderlundsandelsjordbruk.se\/\" class=\"more-link\">L\u00e4s mer<span class=\"screen-reader-text\"> \u201dGr\u00f6nsaker fr\u00e5n Arkhyttan\u201d<\/span><\/a><\/p>\n","protected":false},"author":1,"featured_media":0,"parent":0,"menu_order":0,"comment_status":"closed","ping_status":"closed","template":"","meta":{"om_disable_all_campaigns":false,"_mi_skip_tracking":false,"footnotes":""},"class_list":["post-39","page","type-page","status-publish","hentry"],"aioseo_notices":[],"jetpack_sharing_enabled":true,"_links":{"self":[{"href":"https:\/\/soderlundsandelsjordbruk.se\/index.php?rest_route=\/wp\/v2\/pages\/39","targetHints":{"allow":["GET"]}}],"collection":[{"href":"https:\/\/soderlundsandelsjordbruk.se\/index.php?rest_route=\/wp\/v2\/pages"}],"about":[{"href":"https:\/\/soderlundsandelsjordbruk.se\/index.php?rest_route=\/wp\/v2\/types\/page"}],"author":[{"embeddable":true,"href":"https:\/\/soderlundsandelsjordbruk.se\/index.php?rest_route=\/wp\/v2\/users\/1"}],"replies":[{"embeddable":true,"href":"https:\/\/soderlundsandelsjordbruk.se\/index.php?rest_route=%2Fwp%2Fv2%2Fcomments&post=39"}],"version-history":[{"count":27,"href":"https:\/\/soderlundsandelsjordbruk.se\/index.php?rest_route=\/wp\/v2\/pages\/39\/revisions"}],"predecessor-version":[{"id":332,"href":"https:\/\/soderlundsandelsjordbruk.se\/index.php?rest_route=\/wp\/v2\/pages\/39\/revisions\/332"}],"wp:attachment":[{"href":"https:\/\/soderlundsandelsjordbruk.se\/index.php?rest_route=%2Fwp%2Fv2%2Fmedia&parent=39"}],"curies":[{"name":"wp","href":"https:\/\/api.w.org\/{rel}","templated":true}]}}